{"id":4582,"date":"2023-01-23T14:28:21","date_gmt":"2023-01-23T13:28:21","guid":{"rendered":"https:\/\/www.portugal-surfcamp.de\/ligacoes-de-surf\/"},"modified":"2023-10-23T11:54:11","modified_gmt":"2023-10-23T09:54:11","slug":"surf-links","status":"publish","type":"page","link":"https:\/\/www.portugal-surfcamp.de\/pt-pt\/surf-links\/","title":{"rendered":"surf links"},"content":{"rendered":"","protected":false},"excerpt":{"rendered":"","protected":false},"author":4,"featured_media":4118,"parent":0,"menu_order":0,"comment_status":"closed","ping_status":"closed","template":"","meta":{"_acf_changed":false,"footnotes":""},"class_list":["post-4582","page","type-page","status-publish","has-post-thumbnail","hentry"],"acf":[],"yoast_head":"<!-- This site is optimized with the Yoast SEO plugin v27.0 - https:\/\/yoast.com\/product\/yoast-seo-wordpress\/ -->\n<title>Surf Links &amp; Websites \/\/\/ Surfcamp Portugal \/\/\/ DROP IN<\/title>\n<meta name=\"description\" content=\"Aqui encontrar\u00e1 links interessantes e \u00fateis sobre o surf. Empresas de surf, patrocinadores, associa\u00e7\u00f5es, etc.\" \/>\n<meta name=\"robots\" content=\"index, follow, max-snippet:-1, max-image-preview:large, max-video-preview:-1\" \/>\n<link rel=\"canonical\" href=\"https:\/\/www.portugal-surfcamp.de\/pt-pt\/surf-links\/\" \/>\n<meta property=\"og:locale\" content=\"pt_PT\" \/>\n<meta property=\"og:type\" content=\"article\" \/>\n<meta property=\"og:title\" content=\"Surf Links &amp; Websites \/\/\/ Surfcamp Portugal \/\/\/ DROP IN\" \/>\n<meta property=\"og:description\" content=\"Aqui encontrar\u00e1 links interessantes e \u00fateis sobre o surf. Empresas de surf, patrocinadores, associa\u00e7\u00f5es, etc.\" \/>\n<meta property=\"og:url\" content=\"https:\/\/www.portugal-surfcamp.de\/pt-pt\/surf-links\/\" \/>\n<meta property=\"og:site_name\" content=\"Surfcamp Portugal &gt;&gt;&gt; DROP IN &lt;&lt;&lt; Direkt am Strand\" \/>\n<meta property=\"article:publisher\" content=\"https:\/\/www.facebook.com\/dropinsurfcamp\" \/>\n<meta property=\"article:modified_time\" content=\"2023-10-23T09:54:11+00:00\" \/>\n<meta property=\"og:image\" content=\"https:\/\/www.portugal-surfcamp.de\/wp-content\/uploads\/2023\/02\/Drop-In-Surfcamp-Portugal-Main-Beitrag-05.jpg\" \/>\n\t<meta property=\"og:image:width\" content=\"750\" \/>\n\t<meta property=\"og:image:height\" content=\"750\" \/>\n\t<meta property=\"og:image:type\" content=\"image\/jpeg\" \/>\n<meta name=\"twitter:card\" content=\"summary_large_image\" \/>\n<script type=\"application\/ld+json\" class=\"yoast-schema-graph\">{\"@context\":\"https:\/\/schema.org\",\"@graph\":[{\"@type\":\"WebPage\",\"@id\":\"https:\/\/www.portugal-surfcamp.de\/pt-pt\/surf-links\/\",\"url\":\"https:\/\/www.portugal-surfcamp.de\/pt-pt\/surf-links\/\",\"name\":\"Surf Links & Websites \/\/\/ Surfcamp Portugal \/\/\/ DROP IN\",\"isPartOf\":{\"@id\":\"https:\/\/www.portugal-surfcamp.de\/pt-pt\/#website\"},\"primaryImageOfPage\":{\"@id\":\"https:\/\/www.portugal-surfcamp.de\/pt-pt\/surf-links\/#primaryimage\"},\"image\":{\"@id\":\"https:\/\/www.portugal-surfcamp.de\/pt-pt\/surf-links\/#primaryimage\"},\"thumbnailUrl\":\"https:\/\/www.portugal-surfcamp.de\/wp-content\/uploads\/2023\/02\/Drop-In-Surfcamp-Portugal-Main-Beitrag-05.jpg\",\"datePublished\":\"2023-01-23T13:28:21+00:00\",\"dateModified\":\"2023-10-23T09:54:11+00:00\",\"description\":\"Aqui encontrar\u00e1 links interessantes e \u00fateis sobre o surf. Empresas de surf, patrocinadores, associa\u00e7\u00f5es, etc.\",\"breadcrumb\":{\"@id\":\"https:\/\/www.portugal-surfcamp.de\/pt-pt\/surf-links\/#breadcrumb\"},\"inLanguage\":\"pt-PT\",\"potentialAction\":[{\"@type\":\"ReadAction\",\"target\":[\"https:\/\/www.portugal-surfcamp.de\/pt-pt\/surf-links\/\"]}]},{\"@type\":\"ImageObject\",\"inLanguage\":\"pt-PT\",\"@id\":\"https:\/\/www.portugal-surfcamp.de\/pt-pt\/surf-links\/#primaryimage\",\"url\":\"https:\/\/www.portugal-surfcamp.de\/wp-content\/uploads\/2023\/02\/Drop-In-Surfcamp-Portugal-Main-Beitrag-05.jpg\",\"contentUrl\":\"https:\/\/www.portugal-surfcamp.de\/wp-content\/uploads\/2023\/02\/Drop-In-Surfcamp-Portugal-Main-Beitrag-05.jpg\",\"width\":750,\"height\":750,\"caption\":\"Drop-In-Surfcamp-Portugal-Main-Beitrag-05\"},{\"@type\":\"BreadcrumbList\",\"@id\":\"https:\/\/www.portugal-surfcamp.de\/pt-pt\/surf-links\/#breadcrumb\",\"itemListElement\":[{\"@type\":\"ListItem\",\"position\":1,\"name\":\"Home\",\"item\":\"https:\/\/www.portugal-surfcamp.de\/pt-pt\/\"},{\"@type\":\"ListItem\",\"position\":2,\"name\":\"surf links\"}]},{\"@type\":\"WebSite\",\"@id\":\"https:\/\/www.portugal-surfcamp.de\/pt-pt\/#website\",\"url\":\"https:\/\/www.portugal-surfcamp.de\/pt-pt\/\",\"name\":\"Surfcamp Portugal &gt;&gt;&gt; DROP IN &lt;&lt;&lt; Direkt am Strand\",\"description\":\"\",\"publisher\":{\"@id\":\"https:\/\/www.portugal-surfcamp.de\/pt-pt\/#organization\"},\"potentialAction\":[{\"@type\":\"SearchAction\",\"target\":{\"@type\":\"EntryPoint\",\"urlTemplate\":\"https:\/\/www.portugal-surfcamp.de\/pt-pt\/?s={search_term_string}\"},\"query-input\":{\"@type\":\"PropertyValueSpecification\",\"valueRequired\":true,\"valueName\":\"search_term_string\"}}],\"inLanguage\":\"pt-PT\"},{\"@type\":\"Organization\",\"@id\":\"https:\/\/www.portugal-surfcamp.de\/pt-pt\/#organization\",\"name\":\"Drop In\",\"alternateName\":\"Surfcamp Portugal \/\/\/ Drop In\",\"url\":\"https:\/\/www.portugal-surfcamp.de\/pt-pt\/\",\"logo\":{\"@type\":\"ImageObject\",\"inLanguage\":\"pt-PT\",\"@id\":\"https:\/\/www.portugal-surfcamp.de\/pt-pt\/#\/schema\/logo\/image\/\",\"url\":\"https:\/\/dropin-wpml.kdprojekte.de\/wp-content\/uploads\/2023\/01\/DROP-IN-Logo.svg\",\"contentUrl\":\"https:\/\/dropin-wpml.kdprojekte.de\/wp-content\/uploads\/2023\/01\/DROP-IN-Logo.svg\",\"width\":\"1024\",\"height\":\"1024\",\"caption\":\"Drop In\"},\"image\":{\"@id\":\"https:\/\/www.portugal-surfcamp.de\/pt-pt\/#\/schema\/logo\/image\/\"},\"sameAs\":[\"https:\/\/www.facebook.com\/dropinsurfcamp\",\"https:\/\/www.instagram.com\/drop_in_surfcamp_portugal\/\"]}]}<\/script>\n<!-- \/ Yoast SEO plugin. -->","yoast_head_json":{"title":"Surf Links & Websites \/\/\/ Surfcamp Portugal \/\/\/ DROP IN","description":"Aqui encontrar\u00e1 links interessantes e \u00fateis sobre o surf. Empresas de surf, patrocinadores, associa\u00e7\u00f5es, etc.","robots":{"index":"index","follow":"follow","max-snippet":"max-snippet:-1","max-image-preview":"max-image-preview:large","max-video-preview":"max-video-preview:-1"},"canonical":"https:\/\/www.portugal-surfcamp.de\/pt-pt\/surf-links\/","og_locale":"pt_PT","og_type":"article","og_title":"Surf Links & Websites \/\/\/ Surfcamp Portugal \/\/\/ DROP IN","og_description":"Aqui encontrar\u00e1 links interessantes e \u00fateis sobre o surf. Empresas de surf, patrocinadores, associa\u00e7\u00f5es, etc.","og_url":"https:\/\/www.portugal-surfcamp.de\/pt-pt\/surf-links\/","og_site_name":"Surfcamp Portugal &gt;&gt;&gt; DROP IN &lt;&lt;&lt; Direkt am Strand","article_publisher":"https:\/\/www.facebook.com\/dropinsurfcamp","article_modified_time":"2023-10-23T09:54:11+00:00","og_image":[{"width":750,"height":750,"url":"https:\/\/www.portugal-surfcamp.de\/wp-content\/uploads\/2023\/02\/Drop-In-Surfcamp-Portugal-Main-Beitrag-05.jpg","type":"image\/jpeg"}],"twitter_card":"summary_large_image","schema":{"@context":"https:\/\/schema.org","@graph":[{"@type":"WebPage","@id":"https:\/\/www.portugal-surfcamp.de\/pt-pt\/surf-links\/","url":"https:\/\/www.portugal-surfcamp.de\/pt-pt\/surf-links\/","name":"Surf Links & Websites \/\/\/ Surfcamp Portugal \/\/\/ DROP IN","isPartOf":{"@id":"https:\/\/www.portugal-surfcamp.de\/pt-pt\/#website"},"primaryImageOfPage":{"@id":"https:\/\/www.portugal-surfcamp.de\/pt-pt\/surf-links\/#primaryimage"},"image":{"@id":"https:\/\/www.portugal-surfcamp.de\/pt-pt\/surf-links\/#primaryimage"},"thumbnailUrl":"https:\/\/www.portugal-surfcamp.de\/wp-content\/uploads\/2023\/02\/Drop-In-Surfcamp-Portugal-Main-Beitrag-05.jpg","datePublished":"2023-01-23T13:28:21+00:00","dateModified":"2023-10-23T09:54:11+00:00","description":"Aqui encontrar\u00e1 links interessantes e \u00fateis sobre o surf. Empresas de surf, patrocinadores, associa\u00e7\u00f5es, etc.","breadcrumb":{"@id":"https:\/\/www.portugal-surfcamp.de\/pt-pt\/surf-links\/#breadcrumb"},"inLanguage":"pt-PT","potentialAction":[{"@type":"ReadAction","target":["https:\/\/www.portugal-surfcamp.de\/pt-pt\/surf-links\/"]}]},{"@type":"ImageObject","inLanguage":"pt-PT","@id":"https:\/\/www.portugal-surfcamp.de\/pt-pt\/surf-links\/#primaryimage","url":"https:\/\/www.portugal-surfcamp.de\/wp-content\/uploads\/2023\/02\/Drop-In-Surfcamp-Portugal-Main-Beitrag-05.jpg","contentUrl":"https:\/\/www.portugal-surfcamp.de\/wp-content\/uploads\/2023\/02\/Drop-In-Surfcamp-Portugal-Main-Beitrag-05.jpg","width":750,"height":750,"caption":"Drop-In-Surfcamp-Portugal-Main-Beitrag-05"},{"@type":"BreadcrumbList","@id":"https:\/\/www.portugal-surfcamp.de\/pt-pt\/surf-links\/#breadcrumb","itemListElement":[{"@type":"ListItem","position":1,"name":"Home","item":"https:\/\/www.portugal-surfcamp.de\/pt-pt\/"},{"@type":"ListItem","position":2,"name":"surf links"}]},{"@type":"WebSite","@id":"https:\/\/www.portugal-surfcamp.de\/pt-pt\/#website","url":"https:\/\/www.portugal-surfcamp.de\/pt-pt\/","name":"Surfcamp Portugal &gt;&gt;&gt; DROP IN &lt;&lt;&lt; Direkt am Strand","description":"","publisher":{"@id":"https:\/\/www.portugal-surfcamp.de\/pt-pt\/#organization"},"potentialAction":[{"@type":"SearchAction","target":{"@type":"EntryPoint","urlTemplate":"https:\/\/www.portugal-surfcamp.de\/pt-pt\/?s={search_term_string}"},"query-input":{"@type":"PropertyValueSpecification","valueRequired":true,"valueName":"search_term_string"}}],"inLanguage":"pt-PT"},{"@type":"Organization","@id":"https:\/\/www.portugal-surfcamp.de\/pt-pt\/#organization","name":"Drop In","alternateName":"Surfcamp Portugal \/\/\/ Drop In","url":"https:\/\/www.portugal-surfcamp.de\/pt-pt\/","logo":{"@type":"ImageObject","inLanguage":"pt-PT","@id":"https:\/\/www.portugal-surfcamp.de\/pt-pt\/#\/schema\/logo\/image\/","url":"https:\/\/dropin-wpml.kdprojekte.de\/wp-content\/uploads\/2023\/01\/DROP-IN-Logo.svg","contentUrl":"https:\/\/dropin-wpml.kdprojekte.de\/wp-content\/uploads\/2023\/01\/DROP-IN-Logo.svg","width":"1024","height":"1024","caption":"Drop In"},"image":{"@id":"https:\/\/www.portugal-surfcamp.de\/pt-pt\/#\/schema\/logo\/image\/"},"sameAs":["https:\/\/www.facebook.com\/dropinsurfcamp","https:\/\/www.instagram.com\/drop_in_surfcamp_portugal\/"]}]}},"_links":{"self":[{"href":"https:\/\/www.portugal-surfcamp.de\/pt-pt\/wp-json\/wp\/v2\/pages\/4582","targetHints":{"allow":["GET"]}}],"collection":[{"href":"https:\/\/www.portugal-surfcamp.de\/pt-pt\/wp-json\/wp\/v2\/pages"}],"about":[{"href":"https:\/\/www.portugal-surfcamp.de\/pt-pt\/wp-json\/wp\/v2\/types\/page"}],"author":[{"embeddable":true,"href":"https:\/\/www.portugal-surfcamp.de\/pt-pt\/wp-json\/wp\/v2\/users\/4"}],"replies":[{"embeddable":true,"href":"https:\/\/www.portugal-surfcamp.de\/pt-pt\/wp-json\/wp\/v2\/comments?post=4582"}],"version-history":[{"count":1,"href":"https:\/\/www.portugal-surfcamp.de\/pt-pt\/wp-json\/wp\/v2\/pages\/4582\/revisions"}],"predecessor-version":[{"id":4708,"href":"https:\/\/www.portugal-surfcamp.de\/pt-pt\/wp-json\/wp\/v2\/pages\/4582\/revisions\/4708"}],"wp:featuredmedia":[{"embeddable":true,"href":"https:\/\/www.portugal-surfcamp.de\/pt-pt\/wp-json\/wp\/v2\/media\/4118"}],"wp:attachment":[{"href":"https:\/\/www.portugal-surfcamp.de\/pt-pt\/wp-json\/wp\/v2\/media?parent=4582"}],"curies":[{"name":"wp","href":"https:\/\/api.w.org\/{rel}","templated":true}]}}