{"id":4391,"date":"2023-01-23T14:23:54","date_gmt":"2023-01-23T13:23:54","guid":{"rendered":"https:\/\/www.portugal-surfcamp.de\/surf\/interessante\/lexico-do-surf\/"},"modified":"2023-10-18T12:19:44","modified_gmt":"2023-10-18T10:19:44","slug":"lexico-do-surf","status":"publish","type":"page","link":"https:\/\/www.portugal-surfcamp.de\/pt-pt\/surf\/interessante\/lexico-do-surf\/","title":{"rendered":"L\u00e9xico do surf"},"content":{"rendered":"","protected":false},"excerpt":{"rendered":"","protected":false},"author":4,"featured_media":0,"parent":4387,"menu_order":0,"comment_status":"closed","ping_status":"closed","template":"","meta":{"_acf_changed":false,"footnotes":""},"class_list":["post-4391","page","type-page","status-publish","hentry"],"acf":[],"yoast_head":"<!-- This site is optimized with the Yoast SEO plugin v27.0 - https:\/\/yoast.com\/product\/yoast-seo-wordpress\/ -->\n<title>L\u00e9xico do Surf de A a Z \/\/\/ Surfcamp Portugal \/\/\/ DROP IN<\/title>\n<meta name=\"description\" content=\"O grande ABC do surf: come\u00e7ando pelo A de Aerial-Off-The-Lip at\u00e9 ao W de Wipe Out. Aqui encontra todas as express\u00f5es de surf com explica\u00e7\u00e3o.\" \/>\n<meta name=\"robots\" content=\"index, follow, max-snippet:-1, max-image-preview:large, max-video-preview:-1\" \/>\n<link rel=\"canonical\" href=\"https:\/\/www.portugal-surfcamp.de\/pt-pt\/surf\/interessante\/lexico-do-surf\/\" \/>\n<meta property=\"og:locale\" content=\"pt_PT\" \/>\n<meta property=\"og:type\" content=\"article\" \/>\n<meta property=\"og:title\" content=\"L\u00e9xico do Surf de A a Z \/\/\/ Surfcamp Portugal \/\/\/ DROP IN\" \/>\n<meta property=\"og:description\" content=\"O grande ABC do surf: come\u00e7ando pelo A de Aerial-Off-The-Lip at\u00e9 ao W de Wipe Out. Aqui encontra todas as express\u00f5es de surf com explica\u00e7\u00e3o.\" \/>\n<meta property=\"og:url\" content=\"https:\/\/www.portugal-surfcamp.de\/pt-pt\/surf\/interessante\/lexico-do-surf\/\" \/>\n<meta property=\"og:site_name\" content=\"Surfcamp Portugal &gt;&gt;&gt; DROP IN &lt;&lt;&lt; Direkt am Strand\" \/>\n<meta property=\"article:publisher\" content=\"https:\/\/www.facebook.com\/dropinsurfcamp\" \/>\n<meta property=\"article:modified_time\" content=\"2023-10-18T10:19:44+00:00\" \/>\n<meta name=\"twitter:card\" content=\"summary_large_image\" \/>\n<script type=\"application\/ld+json\" class=\"yoast-schema-graph\">{\"@context\":\"https:\/\/schema.org\",\"@graph\":[{\"@type\":\"WebPage\",\"@id\":\"https:\/\/www.portugal-surfcamp.de\/pt-pt\/surf\/interessante\/lexico-do-surf\/\",\"url\":\"https:\/\/www.portugal-surfcamp.de\/pt-pt\/surf\/interessante\/lexico-do-surf\/\",\"name\":\"L\u00e9xico do Surf de A a Z \/\/\/ Surfcamp Portugal \/\/\/ DROP IN\",\"isPartOf\":{\"@id\":\"https:\/\/www.portugal-surfcamp.de\/pt-pt\/#website\"},\"datePublished\":\"2023-01-23T13:23:54+00:00\",\"dateModified\":\"2023-10-18T10:19:44+00:00\",\"description\":\"O grande ABC do surf: come\u00e7ando pelo A de Aerial-Off-The-Lip at\u00e9 ao W de Wipe Out. Aqui encontra todas as express\u00f5es de surf com explica\u00e7\u00e3o.\",\"breadcrumb\":{\"@id\":\"https:\/\/www.portugal-surfcamp.de\/pt-pt\/surf\/interessante\/lexico-do-surf\/#breadcrumb\"},\"inLanguage\":\"pt-PT\",\"potentialAction\":[{\"@type\":\"ReadAction\",\"target\":[\"https:\/\/www.portugal-surfcamp.de\/pt-pt\/surf\/interessante\/lexico-do-surf\/\"]}]},{\"@type\":\"BreadcrumbList\",\"@id\":\"https:\/\/www.portugal-surfcamp.de\/pt-pt\/surf\/interessante\/lexico-do-surf\/#breadcrumb\",\"itemListElement\":[{\"@type\":\"ListItem\",\"position\":1,\"name\":\"Home\",\"item\":\"https:\/\/www.portugal-surfcamp.de\/pt-pt\/\"},{\"@type\":\"ListItem\",\"position\":2,\"name\":\"Surf\",\"item\":\"https:\/\/www.portugal-surfcamp.de\/pt-pt\/surf\/\"},{\"@type\":\"ListItem\",\"position\":3,\"name\":\"Interessante\",\"item\":\"https:\/\/www.portugal-surfcamp.de\/pt-pt\/surf\/interessante\/\"},{\"@type\":\"ListItem\",\"position\":4,\"name\":\"L\u00e9xico do surf\"}]},{\"@type\":\"WebSite\",\"@id\":\"https:\/\/www.portugal-surfcamp.de\/pt-pt\/#website\",\"url\":\"https:\/\/www.portugal-surfcamp.de\/pt-pt\/\",\"name\":\"Surfcamp Portugal &gt;&gt;&gt; DROP IN &lt;&lt;&lt; Direkt am Strand\",\"description\":\"\",\"publisher\":{\"@id\":\"https:\/\/www.portugal-surfcamp.de\/pt-pt\/#organization\"},\"potentialAction\":[{\"@type\":\"SearchAction\",\"target\":{\"@type\":\"EntryPoint\",\"urlTemplate\":\"https:\/\/www.portugal-surfcamp.de\/pt-pt\/?s={search_term_string}\"},\"query-input\":{\"@type\":\"PropertyValueSpecification\",\"valueRequired\":true,\"valueName\":\"search_term_string\"}}],\"inLanguage\":\"pt-PT\"},{\"@type\":\"Organization\",\"@id\":\"https:\/\/www.portugal-surfcamp.de\/pt-pt\/#organization\",\"name\":\"Drop In\",\"alternateName\":\"Surfcamp Portugal \/\/\/ Drop In\",\"url\":\"https:\/\/www.portugal-surfcamp.de\/pt-pt\/\",\"logo\":{\"@type\":\"ImageObject\",\"inLanguage\":\"pt-PT\",\"@id\":\"https:\/\/www.portugal-surfcamp.de\/pt-pt\/#\/schema\/logo\/image\/\",\"url\":\"https:\/\/dropin-wpml.kdprojekte.de\/wp-content\/uploads\/2023\/01\/DROP-IN-Logo.svg\",\"contentUrl\":\"https:\/\/dropin-wpml.kdprojekte.de\/wp-content\/uploads\/2023\/01\/DROP-IN-Logo.svg\",\"width\":\"1024\",\"height\":\"1024\",\"caption\":\"Drop In\"},\"image\":{\"@id\":\"https:\/\/www.portugal-surfcamp.de\/pt-pt\/#\/schema\/logo\/image\/\"},\"sameAs\":[\"https:\/\/www.facebook.com\/dropinsurfcamp\",\"https:\/\/www.instagram.com\/drop_in_surfcamp_portugal\/\"]}]}<\/script>\n<!-- \/ Yoast SEO plugin. -->","yoast_head_json":{"title":"L\u00e9xico do Surf de A a Z \/\/\/ Surfcamp Portugal \/\/\/ DROP IN","description":"O grande ABC do surf: come\u00e7ando pelo A de Aerial-Off-The-Lip at\u00e9 ao W de Wipe Out. Aqui encontra todas as express\u00f5es de surf com explica\u00e7\u00e3o.","robots":{"index":"index","follow":"follow","max-snippet":"max-snippet:-1","max-image-preview":"max-image-preview:large","max-video-preview":"max-video-preview:-1"},"canonical":"https:\/\/www.portugal-surfcamp.de\/pt-pt\/surf\/interessante\/lexico-do-surf\/","og_locale":"pt_PT","og_type":"article","og_title":"L\u00e9xico do Surf de A a Z \/\/\/ Surfcamp Portugal \/\/\/ DROP IN","og_description":"O grande ABC do surf: come\u00e7ando pelo A de Aerial-Off-The-Lip at\u00e9 ao W de Wipe Out. Aqui encontra todas as express\u00f5es de surf com explica\u00e7\u00e3o.","og_url":"https:\/\/www.portugal-surfcamp.de\/pt-pt\/surf\/interessante\/lexico-do-surf\/","og_site_name":"Surfcamp Portugal &gt;&gt;&gt; DROP IN &lt;&lt;&lt; Direkt am Strand","article_publisher":"https:\/\/www.facebook.com\/dropinsurfcamp","article_modified_time":"2023-10-18T10:19:44+00:00","twitter_card":"summary_large_image","schema":{"@context":"https:\/\/schema.org","@graph":[{"@type":"WebPage","@id":"https:\/\/www.portugal-surfcamp.de\/pt-pt\/surf\/interessante\/lexico-do-surf\/","url":"https:\/\/www.portugal-surfcamp.de\/pt-pt\/surf\/interessante\/lexico-do-surf\/","name":"L\u00e9xico do Surf de A a Z \/\/\/ Surfcamp Portugal \/\/\/ DROP IN","isPartOf":{"@id":"https:\/\/www.portugal-surfcamp.de\/pt-pt\/#website"},"datePublished":"2023-01-23T13:23:54+00:00","dateModified":"2023-10-18T10:19:44+00:00","description":"O grande ABC do surf: come\u00e7ando pelo A de Aerial-Off-The-Lip at\u00e9 ao W de Wipe Out. Aqui encontra todas as express\u00f5es de surf com explica\u00e7\u00e3o.","breadcrumb":{"@id":"https:\/\/www.portugal-surfcamp.de\/pt-pt\/surf\/interessante\/lexico-do-surf\/#breadcrumb"},"inLanguage":"pt-PT","potentialAction":[{"@type":"ReadAction","target":["https:\/\/www.portugal-surfcamp.de\/pt-pt\/surf\/interessante\/lexico-do-surf\/"]}]},{"@type":"BreadcrumbList","@id":"https:\/\/www.portugal-surfcamp.de\/pt-pt\/surf\/interessante\/lexico-do-surf\/#breadcrumb","itemListElement":[{"@type":"ListItem","position":1,"name":"Home","item":"https:\/\/www.portugal-surfcamp.de\/pt-pt\/"},{"@type":"ListItem","position":2,"name":"Surf","item":"https:\/\/www.portugal-surfcamp.de\/pt-pt\/surf\/"},{"@type":"ListItem","position":3,"name":"Interessante","item":"https:\/\/www.portugal-surfcamp.de\/pt-pt\/surf\/interessante\/"},{"@type":"ListItem","position":4,"name":"L\u00e9xico do surf"}]},{"@type":"WebSite","@id":"https:\/\/www.portugal-surfcamp.de\/pt-pt\/#website","url":"https:\/\/www.portugal-surfcamp.de\/pt-pt\/","name":"Surfcamp Portugal &gt;&gt;&gt; DROP IN &lt;&lt;&lt; Direkt am Strand","description":"","publisher":{"@id":"https:\/\/www.portugal-surfcamp.de\/pt-pt\/#organization"},"potentialAction":[{"@type":"SearchAction","target":{"@type":"EntryPoint","urlTemplate":"https:\/\/www.portugal-surfcamp.de\/pt-pt\/?s={search_term_string}"},"query-input":{"@type":"PropertyValueSpecification","valueRequired":true,"valueName":"search_term_string"}}],"inLanguage":"pt-PT"},{"@type":"Organization","@id":"https:\/\/www.portugal-surfcamp.de\/pt-pt\/#organization","name":"Drop In","alternateName":"Surfcamp Portugal \/\/\/ Drop In","url":"https:\/\/www.portugal-surfcamp.de\/pt-pt\/","logo":{"@type":"ImageObject","inLanguage":"pt-PT","@id":"https:\/\/www.portugal-surfcamp.de\/pt-pt\/#\/schema\/logo\/image\/","url":"https:\/\/dropin-wpml.kdprojekte.de\/wp-content\/uploads\/2023\/01\/DROP-IN-Logo.svg","contentUrl":"https:\/\/dropin-wpml.kdprojekte.de\/wp-content\/uploads\/2023\/01\/DROP-IN-Logo.svg","width":"1024","height":"1024","caption":"Drop In"},"image":{"@id":"https:\/\/www.portugal-surfcamp.de\/pt-pt\/#\/schema\/logo\/image\/"},"sameAs":["https:\/\/www.facebook.com\/dropinsurfcamp","https:\/\/www.instagram.com\/drop_in_surfcamp_portugal\/"]}]}},"_links":{"self":[{"href":"https:\/\/www.portugal-surfcamp.de\/pt-pt\/wp-json\/wp\/v2\/pages\/4391","targetHints":{"allow":["GET"]}}],"collection":[{"href":"https:\/\/www.portugal-surfcamp.de\/pt-pt\/wp-json\/wp\/v2\/pages"}],"about":[{"href":"https:\/\/www.portugal-surfcamp.de\/pt-pt\/wp-json\/wp\/v2\/types\/page"}],"author":[{"embeddable":true,"href":"https:\/\/www.portugal-surfcamp.de\/pt-pt\/wp-json\/wp\/v2\/users\/4"}],"replies":[{"embeddable":true,"href":"https:\/\/www.portugal-surfcamp.de\/pt-pt\/wp-json\/wp\/v2\/comments?post=4391"}],"version-history":[{"count":1,"href":"https:\/\/www.portugal-surfcamp.de\/pt-pt\/wp-json\/wp\/v2\/pages\/4391\/revisions"}],"predecessor-version":[{"id":4685,"href":"https:\/\/www.portugal-surfcamp.de\/pt-pt\/wp-json\/wp\/v2\/pages\/4391\/revisions\/4685"}],"up":[{"embeddable":true,"href":"https:\/\/www.portugal-surfcamp.de\/pt-pt\/wp-json\/wp\/v2\/pages\/4387"}],"wp:attachment":[{"href":"https:\/\/www.portugal-surfcamp.de\/pt-pt\/wp-json\/wp\/v2\/media?parent=4391"}],"curies":[{"name":"wp","href":"https:\/\/api.w.org\/{rel}","templated":true}]}}