{"id":4301,"date":"2023-01-23T14:14:55","date_gmt":"2023-01-23T13:14:55","guid":{"rendered":"https:\/\/www.portugal-surfcamp.de\/surf\/geral\/preparacao-para-o-surf\/"},"modified":"2023-10-18T11:04:30","modified_gmt":"2023-10-18T09:04:30","slug":"preparacao-para-o-surf","status":"publish","type":"page","link":"https:\/\/www.portugal-surfcamp.de\/pt-pt\/surf\/geral\/preparacao-para-o-surf\/","title":{"rendered":"Prepara\u00e7\u00e3o para o surf"},"content":{"rendered":"","protected":false},"excerpt":{"rendered":"","protected":false},"author":4,"featured_media":0,"parent":4299,"menu_order":0,"comment_status":"closed","ping_status":"closed","template":"","meta":{"_acf_changed":false,"footnotes":""},"class_list":["post-4301","page","type-page","status-publish","hentry"],"acf":[],"yoast_head":"<!-- This site is optimized with the Yoast SEO plugin v27.0 - https:\/\/yoast.com\/product\/yoast-seo-wordpress\/ -->\n<title>Prepara\u00e7\u00e3o para o Surf \/\/\/ Surf Camp Portugal \/\/\/ DROP IN<\/title>\n<meta name=\"description\" content=\"Aqui encontrar\u00e1s informa\u00e7\u00f5es \u00fateis, exerc\u00edcios de surf e como te preparares para a tua pr\u00f3xima visita ao nosso surf camp.\" \/>\n<meta name=\"robots\" content=\"index, follow, max-snippet:-1, max-image-preview:large, max-video-preview:-1\" \/>\n<link rel=\"canonical\" href=\"https:\/\/www.portugal-surfcamp.de\/pt-pt\/surf\/geral\/preparacao-para-o-surf\/\" \/>\n<meta property=\"og:locale\" content=\"pt_PT\" \/>\n<meta property=\"og:type\" content=\"article\" \/>\n<meta property=\"og:title\" content=\"Prepara\u00e7\u00e3o para o Surf \/\/\/ Surf Camp Portugal \/\/\/ DROP IN\" \/>\n<meta property=\"og:description\" content=\"Aqui encontrar\u00e1s informa\u00e7\u00f5es \u00fateis, exerc\u00edcios de surf e como te preparares para a tua pr\u00f3xima visita ao nosso surf camp.\" \/>\n<meta property=\"og:url\" content=\"https:\/\/www.portugal-surfcamp.de\/pt-pt\/surf\/geral\/preparacao-para-o-surf\/\" \/>\n<meta property=\"og:site_name\" content=\"Surfcamp Portugal &gt;&gt;&gt; DROP IN &lt;&lt;&lt; Direkt am Strand\" \/>\n<meta property=\"article:publisher\" content=\"https:\/\/www.facebook.com\/dropinsurfcamp\" \/>\n<meta property=\"article:modified_time\" content=\"2023-10-18T09:04:30+00:00\" \/>\n<meta name=\"twitter:card\" content=\"summary_large_image\" \/>\n<script type=\"application\/ld+json\" class=\"yoast-schema-graph\">{\"@context\":\"https:\/\/schema.org\",\"@graph\":[{\"@type\":\"WebPage\",\"@id\":\"https:\/\/www.portugal-surfcamp.de\/pt-pt\/surf\/geral\/preparacao-para-o-surf\/\",\"url\":\"https:\/\/www.portugal-surfcamp.de\/pt-pt\/surf\/geral\/preparacao-para-o-surf\/\",\"name\":\"Prepara\u00e7\u00e3o para o Surf \/\/\/ Surf Camp Portugal \/\/\/ DROP IN\",\"isPartOf\":{\"@id\":\"https:\/\/www.portugal-surfcamp.de\/pt-pt\/#website\"},\"datePublished\":\"2023-01-23T13:14:55+00:00\",\"dateModified\":\"2023-10-18T09:04:30+00:00\",\"description\":\"Aqui encontrar\u00e1s informa\u00e7\u00f5es \u00fateis, exerc\u00edcios de surf e como te preparares para a tua pr\u00f3xima visita ao nosso surf camp.\",\"breadcrumb\":{\"@id\":\"https:\/\/www.portugal-surfcamp.de\/pt-pt\/surf\/geral\/preparacao-para-o-surf\/#breadcrumb\"},\"inLanguage\":\"pt-PT\",\"potentialAction\":[{\"@type\":\"ReadAction\",\"target\":[\"https:\/\/www.portugal-surfcamp.de\/pt-pt\/surf\/geral\/preparacao-para-o-surf\/\"]}]},{\"@type\":\"BreadcrumbList\",\"@id\":\"https:\/\/www.portugal-surfcamp.de\/pt-pt\/surf\/geral\/preparacao-para-o-surf\/#breadcrumb\",\"itemListElement\":[{\"@type\":\"ListItem\",\"position\":1,\"name\":\"Home\",\"item\":\"https:\/\/www.portugal-surfcamp.de\/pt-pt\/\"},{\"@type\":\"ListItem\",\"position\":2,\"name\":\"Surf\",\"item\":\"https:\/\/www.portugal-surfcamp.de\/pt-pt\/surf\/\"},{\"@type\":\"ListItem\",\"position\":3,\"name\":\"Geral\",\"item\":\"https:\/\/www.portugal-surfcamp.de\/pt-pt\/surf\/geral\/\"},{\"@type\":\"ListItem\",\"position\":4,\"name\":\"Prepara\u00e7\u00e3o para o surf\"}]},{\"@type\":\"WebSite\",\"@id\":\"https:\/\/www.portugal-surfcamp.de\/pt-pt\/#website\",\"url\":\"https:\/\/www.portugal-surfcamp.de\/pt-pt\/\",\"name\":\"Surfcamp Portugal &gt;&gt;&gt; DROP IN &lt;&lt;&lt; Direkt am Strand\",\"description\":\"\",\"publisher\":{\"@id\":\"https:\/\/www.portugal-surfcamp.de\/pt-pt\/#organization\"},\"potentialAction\":[{\"@type\":\"SearchAction\",\"target\":{\"@type\":\"EntryPoint\",\"urlTemplate\":\"https:\/\/www.portugal-surfcamp.de\/pt-pt\/?s={search_term_string}\"},\"query-input\":{\"@type\":\"PropertyValueSpecification\",\"valueRequired\":true,\"valueName\":\"search_term_string\"}}],\"inLanguage\":\"pt-PT\"},{\"@type\":\"Organization\",\"@id\":\"https:\/\/www.portugal-surfcamp.de\/pt-pt\/#organization\",\"name\":\"Drop In\",\"alternateName\":\"Surfcamp Portugal \/\/\/ Drop In\",\"url\":\"https:\/\/www.portugal-surfcamp.de\/pt-pt\/\",\"logo\":{\"@type\":\"ImageObject\",\"inLanguage\":\"pt-PT\",\"@id\":\"https:\/\/www.portugal-surfcamp.de\/pt-pt\/#\/schema\/logo\/image\/\",\"url\":\"https:\/\/dropin-wpml.kdprojekte.de\/wp-content\/uploads\/2023\/01\/DROP-IN-Logo.svg\",\"contentUrl\":\"https:\/\/dropin-wpml.kdprojekte.de\/wp-content\/uploads\/2023\/01\/DROP-IN-Logo.svg\",\"width\":\"1024\",\"height\":\"1024\",\"caption\":\"Drop In\"},\"image\":{\"@id\":\"https:\/\/www.portugal-surfcamp.de\/pt-pt\/#\/schema\/logo\/image\/\"},\"sameAs\":[\"https:\/\/www.facebook.com\/dropinsurfcamp\",\"https:\/\/www.instagram.com\/drop_in_surfcamp_portugal\/\"]}]}<\/script>\n<!-- \/ Yoast SEO plugin. -->","yoast_head_json":{"title":"Prepara\u00e7\u00e3o para o Surf \/\/\/ Surf Camp Portugal \/\/\/ DROP IN","description":"Aqui encontrar\u00e1s informa\u00e7\u00f5es \u00fateis, exerc\u00edcios de surf e como te preparares para a tua pr\u00f3xima visita ao nosso surf camp.","robots":{"index":"index","follow":"follow","max-snippet":"max-snippet:-1","max-image-preview":"max-image-preview:large","max-video-preview":"max-video-preview:-1"},"canonical":"https:\/\/www.portugal-surfcamp.de\/pt-pt\/surf\/geral\/preparacao-para-o-surf\/","og_locale":"pt_PT","og_type":"article","og_title":"Prepara\u00e7\u00e3o para o Surf \/\/\/ Surf Camp Portugal \/\/\/ DROP IN","og_description":"Aqui encontrar\u00e1s informa\u00e7\u00f5es \u00fateis, exerc\u00edcios de surf e como te preparares para a tua pr\u00f3xima visita ao nosso surf camp.","og_url":"https:\/\/www.portugal-surfcamp.de\/pt-pt\/surf\/geral\/preparacao-para-o-surf\/","og_site_name":"Surfcamp Portugal &gt;&gt;&gt; DROP IN &lt;&lt;&lt; Direkt am Strand","article_publisher":"https:\/\/www.facebook.com\/dropinsurfcamp","article_modified_time":"2023-10-18T09:04:30+00:00","twitter_card":"summary_large_image","schema":{"@context":"https:\/\/schema.org","@graph":[{"@type":"WebPage","@id":"https:\/\/www.portugal-surfcamp.de\/pt-pt\/surf\/geral\/preparacao-para-o-surf\/","url":"https:\/\/www.portugal-surfcamp.de\/pt-pt\/surf\/geral\/preparacao-para-o-surf\/","name":"Prepara\u00e7\u00e3o para o Surf \/\/\/ Surf Camp Portugal \/\/\/ DROP IN","isPartOf":{"@id":"https:\/\/www.portugal-surfcamp.de\/pt-pt\/#website"},"datePublished":"2023-01-23T13:14:55+00:00","dateModified":"2023-10-18T09:04:30+00:00","description":"Aqui encontrar\u00e1s informa\u00e7\u00f5es \u00fateis, exerc\u00edcios de surf e como te preparares para a tua pr\u00f3xima visita ao nosso surf camp.","breadcrumb":{"@id":"https:\/\/www.portugal-surfcamp.de\/pt-pt\/surf\/geral\/preparacao-para-o-surf\/#breadcrumb"},"inLanguage":"pt-PT","potentialAction":[{"@type":"ReadAction","target":["https:\/\/www.portugal-surfcamp.de\/pt-pt\/surf\/geral\/preparacao-para-o-surf\/"]}]},{"@type":"BreadcrumbList","@id":"https:\/\/www.portugal-surfcamp.de\/pt-pt\/surf\/geral\/preparacao-para-o-surf\/#breadcrumb","itemListElement":[{"@type":"ListItem","position":1,"name":"Home","item":"https:\/\/www.portugal-surfcamp.de\/pt-pt\/"},{"@type":"ListItem","position":2,"name":"Surf","item":"https:\/\/www.portugal-surfcamp.de\/pt-pt\/surf\/"},{"@type":"ListItem","position":3,"name":"Geral","item":"https:\/\/www.portugal-surfcamp.de\/pt-pt\/surf\/geral\/"},{"@type":"ListItem","position":4,"name":"Prepara\u00e7\u00e3o para o surf"}]},{"@type":"WebSite","@id":"https:\/\/www.portugal-surfcamp.de\/pt-pt\/#website","url":"https:\/\/www.portugal-surfcamp.de\/pt-pt\/","name":"Surfcamp Portugal &gt;&gt;&gt; DROP IN &lt;&lt;&lt; Direkt am Strand","description":"","publisher":{"@id":"https:\/\/www.portugal-surfcamp.de\/pt-pt\/#organization"},"potentialAction":[{"@type":"SearchAction","target":{"@type":"EntryPoint","urlTemplate":"https:\/\/www.portugal-surfcamp.de\/pt-pt\/?s={search_term_string}"},"query-input":{"@type":"PropertyValueSpecification","valueRequired":true,"valueName":"search_term_string"}}],"inLanguage":"pt-PT"},{"@type":"Organization","@id":"https:\/\/www.portugal-surfcamp.de\/pt-pt\/#organization","name":"Drop In","alternateName":"Surfcamp Portugal \/\/\/ Drop In","url":"https:\/\/www.portugal-surfcamp.de\/pt-pt\/","logo":{"@type":"ImageObject","inLanguage":"pt-PT","@id":"https:\/\/www.portugal-surfcamp.de\/pt-pt\/#\/schema\/logo\/image\/","url":"https:\/\/dropin-wpml.kdprojekte.de\/wp-content\/uploads\/2023\/01\/DROP-IN-Logo.svg","contentUrl":"https:\/\/dropin-wpml.kdprojekte.de\/wp-content\/uploads\/2023\/01\/DROP-IN-Logo.svg","width":"1024","height":"1024","caption":"Drop In"},"image":{"@id":"https:\/\/www.portugal-surfcamp.de\/pt-pt\/#\/schema\/logo\/image\/"},"sameAs":["https:\/\/www.facebook.com\/dropinsurfcamp","https:\/\/www.instagram.com\/drop_in_surfcamp_portugal\/"]}]}},"_links":{"self":[{"href":"https:\/\/www.portugal-surfcamp.de\/pt-pt\/wp-json\/wp\/v2\/pages\/4301","targetHints":{"allow":["GET"]}}],"collection":[{"href":"https:\/\/www.portugal-surfcamp.de\/pt-pt\/wp-json\/wp\/v2\/pages"}],"about":[{"href":"https:\/\/www.portugal-surfcamp.de\/pt-pt\/wp-json\/wp\/v2\/types\/page"}],"author":[{"embeddable":true,"href":"https:\/\/www.portugal-surfcamp.de\/pt-pt\/wp-json\/wp\/v2\/users\/4"}],"replies":[{"embeddable":true,"href":"https:\/\/www.portugal-surfcamp.de\/pt-pt\/wp-json\/wp\/v2\/comments?post=4301"}],"version-history":[{"count":1,"href":"https:\/\/www.portugal-surfcamp.de\/pt-pt\/wp-json\/wp\/v2\/pages\/4301\/revisions"}],"predecessor-version":[{"id":4655,"href":"https:\/\/www.portugal-surfcamp.de\/pt-pt\/wp-json\/wp\/v2\/pages\/4301\/revisions\/4655"}],"up":[{"embeddable":true,"href":"https:\/\/www.portugal-surfcamp.de\/pt-pt\/wp-json\/wp\/v2\/pages\/4299"}],"wp:attachment":[{"href":"https:\/\/www.portugal-surfcamp.de\/pt-pt\/wp-json\/wp\/v2\/media?parent=4301"}],"curies":[{"name":"wp","href":"https:\/\/api.w.org\/{rel}","templated":true}]}}